{"id":3733,"date":"2023-11-17T15:32:44","date_gmt":"2023-11-17T20:32:44","guid":{"rendered":"https:\/\/ressources.recolte.ca\/?page_id=3733"},"modified":"2024-04-03T10:37:46","modified_gmt":"2024-04-03T14:37:46","slug":"food-security","status":"publish","type":"page","link":"https:\/\/ressources.recolte.ca\/en\/thematics\/food-security\/","title":{"rendered":"Food security"},"content":{"rendered":"","protected":false},"excerpt":{"rendered":"","protected":false},"author":3,"featured_media":3037,"parent":2312,"menu_order":0,"comment_status":"closed","ping_status":"closed","template":"","meta":{"_acf_changed":false,"_uf_show_specific_survey":0,"_uf_disable_surveys":false,"iawp_total_views":7,"footnotes":""},"class_list":["post-3733","page","type-page","status-publish","has-post-thumbnail","hentry"],"acf":[],"aioseo_notices":[],"yoast_head":"<!-- This site is optimized with the Yoast SEO plugin v27.4 - https:\/\/yoast.com\/product\/yoast-seo-wordpress\/ -->\n<title>Food security - Carrefour de ressources | Collectif R\u00e9colte<\/title>\n<meta name=\"robots\" content=\"index, follow, max-snippet:-1, max-image-preview:large, max-video-preview:-1\" \/>\n<link rel=\"canonical\" href=\"https:\/\/ressources.recolte.ca\/en\/thematics\/food-security\/\" \/>\n<meta property=\"og:locale\" content=\"en_US\" \/>\n<meta property=\"og:type\" content=\"article\" \/>\n<meta property=\"og:title\" content=\"Food security - Carrefour de ressources | Collectif R\u00e9colte\" \/>\n<meta property=\"og:url\" content=\"https:\/\/ressources.recolte.ca\/en\/thematics\/food-security\/\" \/>\n<meta property=\"og:site_name\" content=\"Carrefour de ressources | Collectif R\u00e9colte\" \/>\n<meta property=\"article:modified_time\" content=\"2024-04-03T14:37:46+00:00\" \/>\n<meta property=\"og:image\" content=\"https:\/\/ressources.recolte.ca\/wp-content\/uploads\/2024\/02\/entete-securite-alimentaire-1024x576.png\" \/>\n\t<meta property=\"og:image:width\" content=\"1024\" \/>\n\t<meta property=\"og:image:height\" content=\"576\" \/>\n\t<meta property=\"og:image:type\" content=\"image\/png\" \/>\n<meta name=\"twitter:card\" content=\"summary_large_image\" \/>\n<meta name=\"twitter:label1\" content=\"Est. reading time\" \/>\n\t<meta name=\"twitter:data1\" content=\"1 minute\" \/>\n<script type=\"application\/ld+json\" class=\"yoast-schema-graph\">{\"@context\":\"https:\\\/\\\/schema.org\",\"@graph\":[{\"@type\":\"WebPage\",\"@id\":\"https:\\\/\\\/ressources.recolte.ca\\\/en\\\/thematics\\\/food-security\\\/\",\"url\":\"https:\\\/\\\/ressources.recolte.ca\\\/en\\\/thematics\\\/food-security\\\/\",\"name\":\"Food security - Carrefour de ressources | Collectif R\u00e9colte\",\"isPartOf\":{\"@id\":\"https:\\\/\\\/ressources.recolte.ca\\\/#website\"},\"primaryImageOfPage\":{\"@id\":\"https:\\\/\\\/ressources.recolte.ca\\\/en\\\/thematics\\\/food-security\\\/#primaryimage\"},\"image\":{\"@id\":\"https:\\\/\\\/ressources.recolte.ca\\\/en\\\/thematics\\\/food-security\\\/#primaryimage\"},\"thumbnailUrl\":\"https:\\\/\\\/ressources.recolte.ca\\\/wp-content\\\/uploads\\\/2024\\\/02\\\/entete-securite-alimentaire.png\",\"datePublished\":\"2023-11-17T20:32:44+00:00\",\"dateModified\":\"2024-04-03T14:37:46+00:00\",\"breadcrumb\":{\"@id\":\"https:\\\/\\\/ressources.recolte.ca\\\/en\\\/thematics\\\/food-security\\\/#breadcrumb\"},\"inLanguage\":\"en-US\",\"potentialAction\":[{\"@type\":\"ReadAction\",\"target\":[\"https:\\\/\\\/ressources.recolte.ca\\\/en\\\/thematics\\\/food-security\\\/\"]}]},{\"@type\":\"ImageObject\",\"inLanguage\":\"en-US\",\"@id\":\"https:\\\/\\\/ressources.recolte.ca\\\/en\\\/thematics\\\/food-security\\\/#primaryimage\",\"url\":\"https:\\\/\\\/ressources.recolte.ca\\\/wp-content\\\/uploads\\\/2024\\\/02\\\/entete-securite-alimentaire.png\",\"contentUrl\":\"https:\\\/\\\/ressources.recolte.ca\\\/wp-content\\\/uploads\\\/2024\\\/02\\\/entete-securite-alimentaire.png\",\"width\":1920,\"height\":1080},{\"@type\":\"BreadcrumbList\",\"@id\":\"https:\\\/\\\/ressources.recolte.ca\\\/en\\\/thematics\\\/food-security\\\/#breadcrumb\",\"itemListElement\":[{\"@type\":\"ListItem\",\"position\":1,\"name\":\"Accueil\",\"item\":\"https:\\\/\\\/ressources.recolte.ca\\\/en\\\/\"},{\"@type\":\"ListItem\",\"position\":2,\"name\":\"Thematics\",\"item\":\"https:\\\/\\\/ressources.recolte.ca\\\/thematiques\\\/\"},{\"@type\":\"ListItem\",\"position\":3,\"name\":\"Food security\"}]},{\"@type\":\"WebSite\",\"@id\":\"https:\\\/\\\/ressources.recolte.ca\\\/#website\",\"url\":\"https:\\\/\\\/ressources.recolte.ca\\\/\",\"name\":\"Carrefour de ressources | Collectif R\u00e9colte\",\"description\":\"Nos connaissances \u00e0 votre port\u00e9e!\",\"potentialAction\":[{\"@type\":\"SearchAction\",\"target\":{\"@type\":\"EntryPoint\",\"urlTemplate\":\"https:\\\/\\\/ressources.recolte.ca\\\/?s={search_term_string}\"},\"query-input\":{\"@type\":\"PropertyValueSpecification\",\"valueRequired\":true,\"valueName\":\"search_term_string\"}}],\"inLanguage\":\"en-US\"}]}<\/script>\n<!-- \/ Yoast SEO plugin. -->","yoast_head_json":{"title":"Food security - Carrefour de ressources | Collectif R\u00e9colte","robots":{"index":"index","follow":"follow","max-snippet":"max-snippet:-1","max-image-preview":"max-image-preview:large","max-video-preview":"max-video-preview:-1"},"canonical":"https:\/\/ressources.recolte.ca\/en\/thematics\/food-security\/","og_locale":"en_US","og_type":"article","og_title":"Food security - Carrefour de ressources | Collectif R\u00e9colte","og_url":"https:\/\/ressources.recolte.ca\/en\/thematics\/food-security\/","og_site_name":"Carrefour de ressources | Collectif R\u00e9colte","article_modified_time":"2024-04-03T14:37:46+00:00","og_image":[{"width":1024,"height":576,"url":"https:\/\/ressources.recolte.ca\/wp-content\/uploads\/2024\/02\/entete-securite-alimentaire-1024x576.png","type":"image\/png"}],"twitter_card":"summary_large_image","twitter_misc":{"Est. reading time":"1 minute"},"schema":{"@context":"https:\/\/schema.org","@graph":[{"@type":"WebPage","@id":"https:\/\/ressources.recolte.ca\/en\/thematics\/food-security\/","url":"https:\/\/ressources.recolte.ca\/en\/thematics\/food-security\/","name":"Food security - Carrefour de ressources | Collectif R\u00e9colte","isPartOf":{"@id":"https:\/\/ressources.recolte.ca\/#website"},"primaryImageOfPage":{"@id":"https:\/\/ressources.recolte.ca\/en\/thematics\/food-security\/#primaryimage"},"image":{"@id":"https:\/\/ressources.recolte.ca\/en\/thematics\/food-security\/#primaryimage"},"thumbnailUrl":"https:\/\/ressources.recolte.ca\/wp-content\/uploads\/2024\/02\/entete-securite-alimentaire.png","datePublished":"2023-11-17T20:32:44+00:00","dateModified":"2024-04-03T14:37:46+00:00","breadcrumb":{"@id":"https:\/\/ressources.recolte.ca\/en\/thematics\/food-security\/#breadcrumb"},"inLanguage":"en-US","potentialAction":[{"@type":"ReadAction","target":["https:\/\/ressources.recolte.ca\/en\/thematics\/food-security\/"]}]},{"@type":"ImageObject","inLanguage":"en-US","@id":"https:\/\/ressources.recolte.ca\/en\/thematics\/food-security\/#primaryimage","url":"https:\/\/ressources.recolte.ca\/wp-content\/uploads\/2024\/02\/entete-securite-alimentaire.png","contentUrl":"https:\/\/ressources.recolte.ca\/wp-content\/uploads\/2024\/02\/entete-securite-alimentaire.png","width":1920,"height":1080},{"@type":"BreadcrumbList","@id":"https:\/\/ressources.recolte.ca\/en\/thematics\/food-security\/#breadcrumb","itemListElement":[{"@type":"ListItem","position":1,"name":"Accueil","item":"https:\/\/ressources.recolte.ca\/en\/"},{"@type":"ListItem","position":2,"name":"Thematics","item":"https:\/\/ressources.recolte.ca\/thematiques\/"},{"@type":"ListItem","position":3,"name":"Food security"}]},{"@type":"WebSite","@id":"https:\/\/ressources.recolte.ca\/#website","url":"https:\/\/ressources.recolte.ca\/","name":"Carrefour de ressources | Collectif R\u00e9colte","description":"Nos connaissances \u00e0 votre port\u00e9e!","potentialAction":[{"@type":"SearchAction","target":{"@type":"EntryPoint","urlTemplate":"https:\/\/ressources.recolte.ca\/?s={search_term_string}"},"query-input":{"@type":"PropertyValueSpecification","valueRequired":true,"valueName":"search_term_string"}}],"inLanguage":"en-US"}]}},"_links":{"self":[{"href":"https:\/\/ressources.recolte.ca\/en\/wp-json\/wp\/v2\/pages\/3733","targetHints":{"allow":["GET"]}}],"collection":[{"href":"https:\/\/ressources.recolte.ca\/en\/wp-json\/wp\/v2\/pages"}],"about":[{"href":"https:\/\/ressources.recolte.ca\/en\/wp-json\/wp\/v2\/types\/page"}],"author":[{"embeddable":true,"href":"https:\/\/ressources.recolte.ca\/en\/wp-json\/wp\/v2\/users\/3"}],"replies":[{"embeddable":true,"href":"https:\/\/ressources.recolte.ca\/en\/wp-json\/wp\/v2\/comments?post=3733"}],"version-history":[{"count":3,"href":"https:\/\/ressources.recolte.ca\/en\/wp-json\/wp\/v2\/pages\/3733\/revisions"}],"predecessor-version":[{"id":4113,"href":"https:\/\/ressources.recolte.ca\/en\/wp-json\/wp\/v2\/pages\/3733\/revisions\/4113"}],"up":[{"embeddable":true,"href":"https:\/\/ressources.recolte.ca\/en\/wp-json\/wp\/v2\/pages\/2312"}],"wp:featuredmedia":[{"embeddable":true,"href":"https:\/\/ressources.recolte.ca\/en\/wp-json\/wp\/v2\/media\/3037"}],"wp:attachment":[{"href":"https:\/\/ressources.recolte.ca\/en\/wp-json\/wp\/v2\/media?parent=3733"}],"curies":[{"name":"wp","href":"https:\/\/api.w.org\/{rel}","templated":true}]}}