{"id":1572,"date":"2023-10-04T10:17:04","date_gmt":"2023-10-04T14:17:04","guid":{"rendered":"https:\/\/cdr-recolte.reactif.co\/carrefour-de-ressources\/"},"modified":"2025-08-06T11:59:17","modified_gmt":"2025-08-06T15:59:17","slug":"resource-library","status":"publish","type":"page","link":"https:\/\/ressources.recolte.ca\/en\/","title":{"rendered":"Resource Library"},"content":{"rendered":"","protected":false},"excerpt":{"rendered":"","protected":false},"author":1,"featured_media":0,"parent":0,"menu_order":0,"comment_status":"closed","ping_status":"closed","template":"front-page.php","meta":{"_acf_changed":false,"_uf_show_specific_survey":0,"_uf_disable_surveys":false,"iawp_total_views":85,"footnotes":""},"class_list":["post-1572","page","type-page","status-publish","hentry"],"acf":[],"aioseo_notices":[],"yoast_head":"<!-- This site is optimized with the Yoast SEO plugin v27.5 - https:\/\/yoast.com\/product\/yoast-seo-wordpress\/ -->\n<title>Resource Library - Carrefour de ressources | Collectif R\u00e9colte<\/title>\n<meta name=\"robots\" content=\"index, follow, max-snippet:-1, max-image-preview:large, max-video-preview:-1\" \/>\n<link rel=\"canonical\" href=\"https:\/\/ressources.recolte.ca\/en\/\" \/>\n<meta property=\"og:locale\" content=\"en_US\" \/>\n<meta property=\"og:type\" content=\"article\" \/>\n<meta property=\"og:title\" content=\"Resource Library - Carrefour de ressources | Collectif R\u00e9colte\" \/>\n<meta property=\"og:url\" content=\"https:\/\/ressources.recolte.ca\/en\/\" \/>\n<meta property=\"og:site_name\" content=\"Carrefour de ressources | Collectif R\u00e9colte\" \/>\n<meta property=\"article:modified_time\" content=\"2025-08-06T15:59:17+00:00\" \/>\n<meta name=\"twitter:card\" content=\"summary_large_image\" \/>\n<script type=\"application\/ld+json\" class=\"yoast-schema-graph\">{\"@context\":\"https:\\\/\\\/schema.org\",\"@graph\":[{\"@type\":\"WebPage\",\"@id\":\"https:\\\/\\\/ressources.recolte.ca\\\/en\\\/\",\"url\":\"https:\\\/\\\/ressources.recolte.ca\\\/en\\\/\",\"name\":\"Resource Library - Carrefour de ressources | Collectif R\u00e9colte\",\"isPartOf\":{\"@id\":\"https:\\\/\\\/ressources.recolte.ca\\\/#website\"},\"datePublished\":\"2023-10-04T14:17:04+00:00\",\"dateModified\":\"2025-08-06T15:59:17+00:00\",\"breadcrumb\":{\"@id\":\"https:\\\/\\\/ressources.recolte.ca\\\/en\\\/#breadcrumb\"},\"inLanguage\":\"en-US\",\"potentialAction\":[{\"@type\":\"ReadAction\",\"target\":[\"https:\\\/\\\/ressources.recolte.ca\\\/en\\\/\"]}]},{\"@type\":\"BreadcrumbList\",\"@id\":\"https:\\\/\\\/ressources.recolte.ca\\\/en\\\/#breadcrumb\",\"itemListElement\":[{\"@type\":\"ListItem\",\"position\":1,\"name\":\"Accueil\",\"item\":\"https:\\\/\\\/ressources.recolte.ca\\\/en\\\/\"},{\"@type\":\"ListItem\",\"position\":2,\"name\":\"Resource Library\"}]},{\"@type\":\"WebSite\",\"@id\":\"https:\\\/\\\/ressources.recolte.ca\\\/#website\",\"url\":\"https:\\\/\\\/ressources.recolte.ca\\\/\",\"name\":\"Carrefour de ressources | Collectif R\u00e9colte\",\"description\":\"Nos connaissances \u00e0 votre port\u00e9e!\",\"potentialAction\":[{\"@type\":\"SearchAction\",\"target\":{\"@type\":\"EntryPoint\",\"urlTemplate\":\"https:\\\/\\\/ressources.recolte.ca\\\/?s={search_term_string}\"},\"query-input\":{\"@type\":\"PropertyValueSpecification\",\"valueRequired\":true,\"valueName\":\"search_term_string\"}}],\"inLanguage\":\"en-US\"}]}<\/script>\n<!-- \/ Yoast SEO plugin. -->","yoast_head_json":{"title":"Resource Library - Carrefour de ressources | Collectif R\u00e9colte","robots":{"index":"index","follow":"follow","max-snippet":"max-snippet:-1","max-image-preview":"max-image-preview:large","max-video-preview":"max-video-preview:-1"},"canonical":"https:\/\/ressources.recolte.ca\/en\/","og_locale":"en_US","og_type":"article","og_title":"Resource Library - Carrefour de ressources | Collectif R\u00e9colte","og_url":"https:\/\/ressources.recolte.ca\/en\/","og_site_name":"Carrefour de ressources | Collectif R\u00e9colte","article_modified_time":"2025-08-06T15:59:17+00:00","twitter_card":"summary_large_image","schema":{"@context":"https:\/\/schema.org","@graph":[{"@type":"WebPage","@id":"https:\/\/ressources.recolte.ca\/en\/","url":"https:\/\/ressources.recolte.ca\/en\/","name":"Resource Library - Carrefour de ressources | Collectif R\u00e9colte","isPartOf":{"@id":"https:\/\/ressources.recolte.ca\/#website"},"datePublished":"2023-10-04T14:17:04+00:00","dateModified":"2025-08-06T15:59:17+00:00","breadcrumb":{"@id":"https:\/\/ressources.recolte.ca\/en\/#breadcrumb"},"inLanguage":"en-US","potentialAction":[{"@type":"ReadAction","target":["https:\/\/ressources.recolte.ca\/en\/"]}]},{"@type":"BreadcrumbList","@id":"https:\/\/ressources.recolte.ca\/en\/#breadcrumb","itemListElement":[{"@type":"ListItem","position":1,"name":"Accueil","item":"https:\/\/ressources.recolte.ca\/en\/"},{"@type":"ListItem","position":2,"name":"Resource Library"}]},{"@type":"WebSite","@id":"https:\/\/ressources.recolte.ca\/#website","url":"https:\/\/ressources.recolte.ca\/","name":"Carrefour de ressources | Collectif R\u00e9colte","description":"Nos connaissances \u00e0 votre port\u00e9e!","potentialAction":[{"@type":"SearchAction","target":{"@type":"EntryPoint","urlTemplate":"https:\/\/ressources.recolte.ca\/?s={search_term_string}"},"query-input":{"@type":"PropertyValueSpecification","valueRequired":true,"valueName":"search_term_string"}}],"inLanguage":"en-US"}]}},"_links":{"self":[{"href":"https:\/\/ressources.recolte.ca\/en\/wp-json\/wp\/v2\/pages\/1572","targetHints":{"allow":["GET"]}}],"collection":[{"href":"https:\/\/ressources.recolte.ca\/en\/wp-json\/wp\/v2\/pages"}],"about":[{"href":"https:\/\/ressources.recolte.ca\/en\/wp-json\/wp\/v2\/types\/page"}],"author":[{"embeddable":true,"href":"https:\/\/ressources.recolte.ca\/en\/wp-json\/wp\/v2\/users\/1"}],"replies":[{"embeddable":true,"href":"https:\/\/ressources.recolte.ca\/en\/wp-json\/wp\/v2\/comments?post=1572"}],"version-history":[{"count":18,"href":"https:\/\/ressources.recolte.ca\/en\/wp-json\/wp\/v2\/pages\/1572\/revisions"}],"predecessor-version":[{"id":4881,"href":"https:\/\/ressources.recolte.ca\/en\/wp-json\/wp\/v2\/pages\/1572\/revisions\/4881"}],"wp:attachment":[{"href":"https:\/\/ressources.recolte.ca\/en\/wp-json\/wp\/v2\/media?parent=1572"}],"curies":[{"name":"wp","href":"https:\/\/api.w.org\/{rel}","templated":true}]}}